{"id":409,"date":"2017-04-23T13:24:05","date_gmt":"2017-04-23T13:24:05","guid":{"rendered":"https:\/\/yourglobalcoach.com\/?page_id=409"},"modified":"2017-07-24T04:45:44","modified_gmt":"2017-07-24T04:45:44","slug":"mein-coaching","status":"publish","type":"page","link":"https:\/\/yourglobalcoach.com\/index.php\/de\/mein-coaching\/","title":{"rendered":"Mein Coaching"},"content":{"rendered":"<div class=\"wpb-content-wrapper\"><p>[vc_row][vc_column]<div id=\"ultimate-heading-157069e170654dbd2\" class=\"uvc-heading ult-adjust-bottom-margin ultimate-heading-157069e170654dbd2 uvc-9629  uvc-heading-default-font-sizes\" data-hspacer=\"no_spacer\"  data-halign=\"center\" style=\"text-align:center\"><div class=\"uvc-heading-spacer no_spacer\" style=\"top\"><\/div><div class=\"uvc-main-heading ult-responsive\"  data-ultimate-target='.uvc-heading.ultimate-heading-157069e170654dbd2 h2'  data-responsive-json-new='{\"font-size\":\"\",\"line-height\":\"\"}' ><h2 style=\"--font-weight:theme;\">Your Success Is My Passion<\/h2><\/div><div class=\"uvc-sub-heading ult-responsive\"  data-ultimate-target='.uvc-heading.ultimate-heading-157069e170654dbd2 .uvc-sub-heading '  data-responsive-json-new='{\"font-size\":\"\",\"line-height\":\"\"}'  style=\"font-weight:normal;\">Basierend auf meiner Erfahrung als F\u00fchrungskraft ist mein Coaching-Ansatz, sehr effizient zu sein und so wenig wie m\u00f6glich von Ihrer Zeit in Anspruch zu nehmen.<br \/>\nIhre Ambitionen und Ziele f\u00fcr Ver\u00e4nderung und Verbesserung stehen im Mittelpunkt. Damit Sie Ihren Erfolg erzielen, unterst\u00fctze ich Sie als Coach.<\/div><\/div>[vc_empty_space][\/vc_column][\/vc_row][vc_row][vc_column][vc_tta_accordion style=&#8221;flat&#8221; shape=&#8221;square&#8221; spacing=&#8221;10&#8243; active_section=&#8221;1&#8243; no_fill=&#8221;true&#8221;][vc_tta_section title=&#8221;Mein Coaching&#8221; tab_id=&#8221;1492952751483-ebf3a95d-e58b&#8221;][vc_column_text]Ich lege sehr viel Wert auf das Zuh\u00f6ren. Ich h\u00f6re zwischen den Zeilen und hinterfrage Sachen. Dabei versetze ich mich in Ihre Situation, um Sie wirklich zu verstehen. Im Coaching bin ich damit in der Lage, Sie effizient und empathisch in ihrer L\u00f6sung und ihrem Erfolg zu unterst\u00fctzen.<\/p>\n<p>Die Coaching-Methode und die Art des Coachings werden auf Ihre pers\u00f6nlichen Vorlieben angepasst, um das optimale Ergebnis zu gew\u00e4hrleisten. Ich passe nicht nur Ihre individuellen Pr\u00e4ferenzen zum Prozess und der Art der Kommunikation nach M\u00f6glichkeit individuell an, auch der Ort des Coachings tr\u00e4gt zur Motivation und Inspiration und somit zu Ihrem Erfolg bei.[\/vc_column_text][\/vc_tta_section][vc_tta_section title=&#8221;Zeitaufwand&#8221; tab_id=&#8221;1492952751688-ece49e2d-a5ee&#8221;][vc_column_text]Eine Coaching Sitzung dauert 60-90 Minuten. Die Zeit sollte sehr effizient genutzt werden, mit einem hohen Ma\u00df an Energie, Offenheit und Konzentration.<\/p>\n<p>Die Anzahl der Coaching Stunden h\u00e4ngt von Ihrer Herausforderung ab. \u00dcblicherweise dauert nimmt das Coaching drei bis zehn Sitzungen in Anspruch.<\/p>\n<p>Wir definieren nur eine vorl\u00e4ufige Anzahl von Sitzungen in unserem Vertrag, aber die effektive Zahl ist letztendlich abh\u00e4ngig von der L\u00f6sung.<\/p>\n<p>Nat\u00fcrlich haben Sie jederzeit die M\u00f6glichkeit, das Coaching zu beenden, wenn Sie es m\u00f6chten.[\/vc_column_text][\/vc_tta_section][vc_tta_section title=&#8221;Zeitlicher Abstand zwischen einzelnen Sitzungen&#8221; tab_id=&#8221;1492953144495-1b3bda93-ab56&#8243;][vc_column_text]Die Zeit zwischen den Sitzungen ist das Wesentliche im Coaching. Sie sollte genutzt werden, um gewonnene Erkenntnisse zu \u00fcben, zu erarbeiten, zu experimentieren und umzusetzen.<\/p>\n<p>Normalerweise ist das Zeitintervall der Sitzungen 1-2 Wochen, aber es k\u00f6nnen auch nur wenige Tage sein. Zeitr\u00e4ume mit 3-4 Wochen k\u00f6nnen insbesondere dann vorkommen, wenn Ihnen internationale Gesch\u00e4ftsreisen die Terminierung einer Sitzung erschweren. Mit Skype k\u00f6nnen Sitzungen weitaus flexibler gestaltet werden.[\/vc_column_text][\/vc_tta_section][vc_tta_section title=&#8221;Wo findet das Coaching statt?&#8221; tab_id=&#8221;1492953214407-ebb97cc1-2264&#8243;][vc_column_text]Mit Skype haben Sie freie Wahl f\u00fcr einen Ort, der f\u00fcr Sie inspirierend ist und die notwendige Ruhe f\u00fcr ein effizientes Coaching bietet. Als Idee f\u00fcr einen ungew\u00f6hnlichen Ort empfehle ich einen inspirierenden Platz im Freien.<\/p>\n<p>Das Coaching kann in meinem B\u00fcro in Budapest stattfinden. Wenn Sie Ihre eigenen R\u00e4umlichkeiten haben, k\u00f6nnen wir uns auch dort treffen. Allerdings empfehle ich, dass wir uns an einem neutralen Ort treffen, um die n\u00f6tige Distanz zu bekommen.[\/vc_column_text][\/vc_tta_section][vc_tta_section title=&#8221;Preise&#8221; tab_id=&#8221;1492953267189-c069cee0-b5e6&#8243;][vc_column_text]Die Preise gelten f\u00fcr einen Zeitraum von 60 Minuten. Ein Gespr\u00e4ch zum Kennenlernen \u00fcber Skype oder Telefon ist kostenlos.<\/p>\n<p><strong>Unternehmen<\/strong><\/p>\n<p>&nbsp;<\/p>\n<p>&nbsp;<\/p>\n<table style=\"height: 58px;\" width=\"450\">\n<tbody>\n<tr>\n<td width=\"301\">Business Coaching f\u00fcr Mittleres Management<\/td>\n<td width=\"64\">229 EUR*<\/td>\n<\/tr>\n<tr>\n<td>Executive Coaching<\/td>\n<td>279 EUR*<\/td>\n<\/tr>\n<\/tbody>\n<\/table>\n<p>&nbsp;<\/p>\n<p><strong>Privatpersonen<\/strong><\/p>\n<p>&nbsp;<\/p>\n<p>&nbsp;<\/p>\n<table style=\"height: 52px;\" width=\"450\">\n<tbody>\n<tr>\n<td width=\"301\">Business Coaching f\u00fcr Mittleres Management<\/td>\n<td width=\"64\">199 EUR*<\/td>\n<\/tr>\n<tr>\n<td>Executive Coaching<\/td>\n<td>239 EUR*<\/td>\n<\/tr>\n<\/tbody>\n<\/table>\n<p>*Preise inkl. MwSt.[\/vc_column_text][\/vc_tta_section][vc_tta_section title=&#8221;Messbarkeit und Nachhaltigkeit&#8221; tab_id=&#8221;1492953297411-5c431a10-5320&#8243;][vc_column_text]Coaching ist erfolgreich, wenn es langfristig wirksam und das Ergebnis messbar ist. Deshalb ist Nachhaltigkeit und Messbarkeit sehr wichtig und zentraler Bestandteil meines Coachings.<\/p>\n<p>Ich schicke Ihnen einen Fragebogen, mit dem sie sich auf das Vorgespr\u00e4ch vorbereiten k\u00f6nnen. So k\u00f6nnen Erwartungen und groben Ziele bereits fr\u00fchzeitig besprochen werden.<\/p>\n<p>Am Ende eines jeder Sitzung werden wir gemeinsam die erarbeiteten Erkenntnisse in Hinblick auf das Ziel bewerten und die Zeit bis zur n\u00e4chsten Sitzung aktiv planen, damit Sie Ihre neu gewonnenen Erkenntnisse optimal anwenden k\u00f6nnen. Dazu bekommen Sie von mir nach jeder Sitzung eine sogenannte \u201eReflexionsvorlage\u201c, um sich Ihre pers\u00f6nlichen Erkenntnisse der Sitzung zusammenzufassen und festzulegen, was Sie sich bis zur n\u00e4chsten Sitzung im Hinblick auf Ihr Ziel vornehmen, ausprobieren, oder umsetzen wollen.<\/p>\n<p>Selbstverst\u00e4ndlich stehe ich Ihnen auch zwischen den Terminen zur Verf\u00fcgung.[\/vc_column_text][\/vc_tta_section][\/vc_tta_accordion][\/vc_column][\/vc_row]<\/p>\n<\/div>","protected":false},"excerpt":{"rendered":"<p>[vc_row][vc_column][vc_empty_space][\/vc_column][\/vc_row][vc_row][vc_column][vc_tta_accordion style=&#8221;flat&#8221; shape=&#8221;square&#8221; spacing=&#8221;10&#8243; active_section=&#8221;1&#8243; no_fill=&#8221;true&#8221;][vc_tta_section title=&#8221;Mein Coaching&#8221; tab_id=&#8221;1492952751483-ebf3a95d-e58b&#8221;][vc_column_text]Ich lege sehr viel Wert auf das Zuh\u00f6ren. Ich h\u00f6re zwischen den Zeilen und hinterfrage Sachen. Dabei versetze ich mich in Ihre Situation, um Sie wirklich zu verstehen. Im Coaching bin ich damit in der Lage, Sie effizient und empathisch in ihrer L\u00f6sung und ihrem Erfolg zu&hellip;<\/p>\n","protected":false},"author":1,"featured_media":0,"parent":0,"menu_order":0,"comment_status":"closed","ping_status":"closed","template":"","meta":{"footnotes":""},"class_list":["post-409","page","type-page","status-publish","hentry","description-off"],"yoast_head":"<!-- This site is optimized with the Yoast SEO plugin v26.9 - https:\/\/yoast.com\/product\/yoast-seo-wordpress\/ -->\n<title>Mein Coaching &#8226; Your Global Coach<\/title>\n<meta name=\"description\" content=\"Your Business and Executive Coach. You and your challenges are the focus. Your ambition matches my desire and empathy to help you achieve your goals in the most efficient way.\" \/>\n<meta name=\"robots\" content=\"index, follow, max-snippet:-1, max-image-preview:large, max-video-preview:-1\" \/>\n<link rel=\"canonical\" href=\"https:\/\/yourglobalcoach.com\/index.php\/de\/mein-coaching\/\" \/>\n<meta property=\"og:locale\" content=\"en_US\" \/>\n<meta property=\"og:type\" content=\"article\" \/>\n<meta property=\"og:title\" content=\"Mein Coaching &#8226; Your Global Coach\" \/>\n<meta property=\"og:description\" content=\"Your Business and Executive Coach. You and your challenges are the focus. Your ambition matches my desire and empathy to help you achieve your goals in the most efficient way.\" \/>\n<meta property=\"og:url\" content=\"https:\/\/yourglobalcoach.com\/index.php\/de\/mein-coaching\/\" \/>\n<meta property=\"og:site_name\" content=\"Your Global Coach\" \/>\n<meta property=\"article:modified_time\" content=\"2017-07-24T04:45:44+00:00\" \/>\n<meta name=\"twitter:card\" content=\"summary_large_image\" \/>\n<meta name=\"twitter:label1\" content=\"Est. reading time\" \/>\n\t<meta name=\"twitter:data1\" content=\"4 minutes\" \/>\n<script type=\"application\/ld+json\" class=\"yoast-schema-graph\">{\"@context\":\"https:\/\/schema.org\",\"@graph\":[{\"@type\":\"WebPage\",\"@id\":\"https:\/\/yourglobalcoach.com\/index.php\/de\/mein-coaching\/\",\"url\":\"https:\/\/yourglobalcoach.com\/index.php\/de\/mein-coaching\/\",\"name\":\"Mein Coaching &#8226; Your Global Coach\",\"isPartOf\":{\"@id\":\"https:\/\/yourglobalcoach.com\/#website\"},\"datePublished\":\"2017-04-23T13:24:05+00:00\",\"dateModified\":\"2017-07-24T04:45:44+00:00\",\"description\":\"Your Business and Executive Coach. You and your challenges are the focus. Your ambition matches my desire and empathy to help you achieve your goals in the most efficient way.\",\"breadcrumb\":{\"@id\":\"https:\/\/yourglobalcoach.com\/index.php\/de\/mein-coaching\/#breadcrumb\"},\"inLanguage\":\"en-US\",\"potentialAction\":[{\"@type\":\"ReadAction\",\"target\":[\"https:\/\/yourglobalcoach.com\/index.php\/de\/mein-coaching\/\"]}]},{\"@type\":\"BreadcrumbList\",\"@id\":\"https:\/\/yourglobalcoach.com\/index.php\/de\/mein-coaching\/#breadcrumb\",\"itemListElement\":[{\"@type\":\"ListItem\",\"position\":1,\"name\":\"Home\",\"item\":\"https:\/\/yourglobalcoach.com\/\"},{\"@type\":\"ListItem\",\"position\":2,\"name\":\"Mein Coaching\"}]},{\"@type\":\"WebSite\",\"@id\":\"https:\/\/yourglobalcoach.com\/#website\",\"url\":\"https:\/\/yourglobalcoach.com\/\",\"name\":\"Your Global Coach\",\"description\":\"\",\"potentialAction\":[{\"@type\":\"SearchAction\",\"target\":{\"@type\":\"EntryPoint\",\"urlTemplate\":\"https:\/\/yourglobalcoach.com\/?s={search_term_string}\"},\"query-input\":{\"@type\":\"PropertyValueSpecification\",\"valueRequired\":true,\"valueName\":\"search_term_string\"}}],\"inLanguage\":\"en-US\"}]}<\/script>\n<!-- \/ Yoast SEO plugin. -->","yoast_head_json":{"title":"Mein Coaching &#8226; Your Global Coach","description":"Your Business and Executive Coach. You and your challenges are the focus. Your ambition matches my desire and empathy to help you achieve your goals in the most efficient way.","robots":{"index":"index","follow":"follow","max-snippet":"max-snippet:-1","max-image-preview":"max-image-preview:large","max-video-preview":"max-video-preview:-1"},"canonical":"https:\/\/yourglobalcoach.com\/index.php\/de\/mein-coaching\/","og_locale":"en_US","og_type":"article","og_title":"Mein Coaching &#8226; Your Global Coach","og_description":"Your Business and Executive Coach. You and your challenges are the focus. Your ambition matches my desire and empathy to help you achieve your goals in the most efficient way.","og_url":"https:\/\/yourglobalcoach.com\/index.php\/de\/mein-coaching\/","og_site_name":"Your Global Coach","article_modified_time":"2017-07-24T04:45:44+00:00","twitter_card":"summary_large_image","twitter_misc":{"Est. reading time":"4 minutes"},"schema":{"@context":"https:\/\/schema.org","@graph":[{"@type":"WebPage","@id":"https:\/\/yourglobalcoach.com\/index.php\/de\/mein-coaching\/","url":"https:\/\/yourglobalcoach.com\/index.php\/de\/mein-coaching\/","name":"Mein Coaching &#8226; Your Global Coach","isPartOf":{"@id":"https:\/\/yourglobalcoach.com\/#website"},"datePublished":"2017-04-23T13:24:05+00:00","dateModified":"2017-07-24T04:45:44+00:00","description":"Your Business and Executive Coach. You and your challenges are the focus. Your ambition matches my desire and empathy to help you achieve your goals in the most efficient way.","breadcrumb":{"@id":"https:\/\/yourglobalcoach.com\/index.php\/de\/mein-coaching\/#breadcrumb"},"inLanguage":"en-US","potentialAction":[{"@type":"ReadAction","target":["https:\/\/yourglobalcoach.com\/index.php\/de\/mein-coaching\/"]}]},{"@type":"BreadcrumbList","@id":"https:\/\/yourglobalcoach.com\/index.php\/de\/mein-coaching\/#breadcrumb","itemListElement":[{"@type":"ListItem","position":1,"name":"Home","item":"https:\/\/yourglobalcoach.com\/"},{"@type":"ListItem","position":2,"name":"Mein Coaching"}]},{"@type":"WebSite","@id":"https:\/\/yourglobalcoach.com\/#website","url":"https:\/\/yourglobalcoach.com\/","name":"Your Global Coach","description":"","potentialAction":[{"@type":"SearchAction","target":{"@type":"EntryPoint","urlTemplate":"https:\/\/yourglobalcoach.com\/?s={search_term_string}"},"query-input":{"@type":"PropertyValueSpecification","valueRequired":true,"valueName":"search_term_string"}}],"inLanguage":"en-US"}]}},"_links":{"self":[{"href":"https:\/\/yourglobalcoach.com\/index.php\/wp-json\/wp\/v2\/pages\/409","targetHints":{"allow":["GET"]}}],"collection":[{"href":"https:\/\/yourglobalcoach.com\/index.php\/wp-json\/wp\/v2\/pages"}],"about":[{"href":"https:\/\/yourglobalcoach.com\/index.php\/wp-json\/wp\/v2\/types\/page"}],"author":[{"embeddable":true,"href":"https:\/\/yourglobalcoach.com\/index.php\/wp-json\/wp\/v2\/users\/1"}],"replies":[{"embeddable":true,"href":"https:\/\/yourglobalcoach.com\/index.php\/wp-json\/wp\/v2\/comments?post=409"}],"version-history":[{"count":0,"href":"https:\/\/yourglobalcoach.com\/index.php\/wp-json\/wp\/v2\/pages\/409\/revisions"}],"wp:attachment":[{"href":"https:\/\/yourglobalcoach.com\/index.php\/wp-json\/wp\/v2\/media?parent=409"}],"curies":[{"name":"wp","href":"https:\/\/api.w.org\/{rel}","templated":true}]}}