{"id":413,"date":"2016-12-15T13:28:01","date_gmt":"2016-12-15T13:28:01","guid":{"rendered":"https:\/\/yourglobalcoach.com\/?page_id=413"},"modified":"2017-07-24T04:55:03","modified_gmt":"2017-07-24T04:55:03","slug":"uber-mich","status":"publish","type":"page","link":"https:\/\/yourglobalcoach.com\/index.php\/de\/uber-mich\/","title":{"rendered":"\u00dcber Mich"},"content":{"rendered":"<div class=\"wpb-content-wrapper\"><p>[vc_row type=&#8221;vc_default&#8221; margin_top=&#8221;0&#8243; css=&#8221;.vc_custom_1481816172412{margin-bottom: 80px !important;padding-top: 80px !important;}&#8221;][vc_column width=&#8221;5\/12&#8243; css=&#8221;.vc_custom_1481816184469{padding-bottom: 40px !important;}&#8221; offset=&#8221;vc_col-lg-4 vc_col-md-4&#8243;][vc_single_image image=&#8221;302&#8243; img_size=&#8221;300&#215;300&#8243; alignment=&#8221;center&#8221; style=&#8221;vc_box_circle&#8221; image_hovers=&#8221;false&#8221; lazy_loading=&#8221;true&#8221; css=&#8221;.vc_custom_1494477842399{padding-bottom: 30px !important;}&#8221;][\/vc_column][vc_column width=&#8221;7\/12&#8243; offset=&#8221;vc_col-lg-8 vc_col-md-8&#8243;]<div id=\"ultimate-heading-166669e17065c806c\" class=\"uvc-heading ult-adjust-bottom-margin ultimate-heading-166669e17065c806c uvc-1898 color-title accent-subtitle-color accent-border-color\" data-hspacer=\"no_spacer\"  data-halign=\"left\" style=\"text-align:left\"><div class=\"uvc-heading-spacer no_spacer\" style=\"top\"><\/div><div class=\"uvc-main-heading ult-responsive\"  data-ultimate-target='.uvc-heading.ultimate-heading-166669e17065c806c h2'  data-responsive-json-new='{\"font-size\":\"desktop:34px;\",\"line-height\":\"desktop:44px;\"}' ><h2 style=\"font-weight:bold;margin-bottom:5px;\">Zsolt Szelpal<\/h2><\/div><div class=\"uvc-sub-heading ult-responsive\"  data-ultimate-target='.uvc-heading.ultimate-heading-166669e17065c806c .uvc-sub-heading '  data-responsive-json-new='{\"font-size\":\"desktop:20px;\",\"line-height\":\"desktop:32px;\"}'  style=\"font-weight:normal;margin-bottom:25px;\">Executive Coach<\/div><\/div>[vc_column_text css=&#8221;.vc_custom_1500872056539{padding-bottom: 50px !important;}&#8221;]Ich bin ungarischer und deutscher Staatsb\u00fcrger, geboren in Budapest und aufgewachsen in Deutschland. \u00a0Neben meinen beiden Muttersprachen spreche englisch und franz\u00f6sisch.<\/p>\n<p>Nach dem Studienabschluss als Diplom-Volkswirt an der Universit\u00e4t Konstanz war ich als internationaler Vertriebsleiter in der Schweiz t\u00e4tig, sowie in den folgenden Jahren auf Gesch\u00e4ftsleitungsebene in Ungarn im Bereich Konsumg\u00fcter und \u00a0IoT (Internet of Things).<\/p>\n<p>Derzeit bin ich Gesch\u00e4ftsf\u00fchrer Deutschland eines Unternehmens im Lebensmittelhandel mit Sitz in Hamburg.<\/p>\n<p>Menschen m\u00f6gen mich als Gespr\u00e4chspartner, diskutieren mit mir gerne Themen aus verschiedenen Blickwinkeln. Ich lege dabei sehr viel Wert auf das Zuh\u00f6ren des Gespr\u00e4chspartners. Meistens konzentrieren sich die Leute darauf, zu reden und ihren unseren Standpunkt zu pr\u00e4sentieren. Das Zuh\u00f6ren ger\u00e4t in den Hintergrund, wobei diese F\u00e4higkeit von gro\u00dfer Bedeutung f\u00fcr die erfolgreiche Zusammenarbeit und Networking mit anderen Personen und Mitarbeitern ist.[\/vc_column_text][vc_tta_accordion style=&#8221;flat&#8221; shape=&#8221;square&#8221; spacing=&#8221;5&#8243; active_section=&#8221;1&#8243; no_fill=&#8221;true&#8221;][vc_tta_section title=&#8221;Wie sehen mich Andere?&#8221; tab_id=&#8221;1492960929783-d565226d-29b7&#8243;][vc_column_text]Andere Menschen sehen mich als ehrliche Person, die sehr aufgeschlossen und interessiert an neuen Dingen ist. Mein pragmatischer Stil und meine Kreativit\u00e4t hilft mir dabei, effiziente L\u00f6sungen zu finden, notwendige Ver\u00e4nderungen voranzutreiben und offen f\u00fcr Innovationen im zu sein. Es ist meine Anspruch und meine Leidenschaft, exzellente Qualit\u00e4t und Ergebnisse zu leisten und zu erhalten.<\/p>\n<p>Verantwortung, Vertrauen und Partnerschaft sind die wichtigsten Werte f\u00fcr mich gegen\u00fcber meinen Kunden.<\/p>\n<p>Menschen sehen mich als vertrauensvolle Person, die Erf\u00fcllung darin sieht, wenn andere Menschen sich weiterentwickeln und \u00fcber ihre alten Grenzen hinweggehen, und an die Eigenkr\u00e4fte des Menschen glaubt.[\/vc_column_text][\/vc_tta_section][vc_tta_section title=&#8221;Warum coache ich?&#8221; tab_id=&#8221;1492960930090-b11c9c41-dc0a&#8221;][vc_column_text]In meiner internationalen Karriere habe ich mir F\u00e4higkeiten und Kenntnisse aus verschiedenen L\u00e4ndern und Kulturen zu erfolgreicher F\u00fchrung angeeignet. Mein F\u00fchrungsansatz war schon immer Coaching basiert, so dass ich mir durch eine Ausbildung zum Executive Coach, bewusst im Rahmen der gr\u00f6\u00dften non-profit Vereinigung professioneller Coaches, ICF (International Coach Federation), die entsprechenden Kenntnisse angeeignet habe, um meine ambitionierten Kunden in Ihrer pers\u00f6nlichen Entwicklung und in ihrem Erfolg zu unterst\u00fctzen.<\/p>\n<p>Es macht mich gl\u00fccklich, wenn ich Personen wachsen sehe, die mutig neue Ans\u00e4tze ausprobieren, h\u00f6here Leistung erzielen und dabei gl\u00fccklich und voller Energie sind.[\/vc_column_text][\/vc_tta_section][\/vc_tta_accordion][vc_empty_space]<div id=\"ultimate-heading-826369e17065c80a7\" class=\"uvc-heading ult-adjust-bottom-margin ultimate-heading-826369e17065c80a7 uvc-202 color-title accent-border-color\" data-hspacer=\"no_spacer\"  data-halign=\"left\" style=\"text-align:left\"><div class=\"uvc-heading-spacer no_spacer\" style=\"top\"><\/div><div class=\"uvc-main-heading ult-responsive\"  data-ultimate-target='.uvc-heading.ultimate-heading-826369e17065c80a7 h2'  data-responsive-json-new='{\"font-size\":\"desktop:22px;\",\"line-height\":\"desktop:32px;\"}' ><h2 style=\"font-weight:bold;margin-bottom:20px;\">Kontaktinformation<\/h2><\/div><\/div>[vc_row_inner][vc_column_inner width=&#8221;1\/3&#8243; css=&#8221;.vc_custom_1481816212917{padding-bottom: 30px !important;}&#8221;][vc_column_text]<\/p>\n<p style=\"text-align: left;\"><strong><span class=\"color-title\">Email:<\/span><\/strong><br \/>\n<a href=\"mailto:info@yourglobalcoach.com\">info@yourglobalcoach.com<\/a><\/p>\n<p>[\/vc_column_text][\/vc_column_inner][vc_column_inner width=&#8221;1\/3&#8243; css=&#8221;.vc_custom_1481816222041{padding-bottom: 30px !important;}&#8221;][vc_column_text]<\/p>\n<p style=\"text-align: left;\"><strong><span class=\"color-title\">Skype:<\/span><\/strong><br \/>\n<a href=\"skype:&lt;zsszelpal&gt;?add\">zsszelpal<\/a><\/p>\n<p>[\/vc_column_text][\/vc_column_inner][vc_column_inner width=&#8221;1\/3&#8243; css=&#8221;.vc_custom_1481816226570{padding-bottom: 30px !important;}&#8221;][vc_column_text]<\/p>\n<p style=\"text-align: left;\"><strong><span class=\"color-title\">Telefon number:<\/span><\/strong><br \/>\n<span class=\"mini-contacts phone show-on-desktop near-logo-first-switch in-menu-second-switch\">+36 20 48 24 089<\/span><\/p>\n<p>[\/vc_column_text][\/vc_column_inner][\/vc_row_inner]<div class=\" vc_custom_1481816232430  uavc-icons \">\n<div class=\"aio-icon circle \" data-animation=\"\" data-animation-delay=\"03\" style=\"color:#ffffff;background:#25407b;font-size:16px;margin-right:5px;\">\n\t<i class=\"icomoon-free-social-contact-16x16-linkedin2\"><\/i>\n<\/div><\/div>[\/vc_column][\/vc_row]<\/p>\n<\/div>","protected":false},"excerpt":{"rendered":"<p>[vc_row type=&#8221;vc_default&#8221; margin_top=&#8221;0&#8243; css=&#8221;.vc_custom_1481816172412{margin-bottom: 80px !important;padding-top: 80px !important;}&#8221;][vc_column width=&#8221;5\/12&#8243; css=&#8221;.vc_custom_1481816184469{padding-bottom: 40px !important;}&#8221; offset=&#8221;vc_col-lg-4 vc_col-md-4&#8243;][vc_single_image image=&#8221;302&#8243; img_size=&#8221;300&#215;300&#8243; alignment=&#8221;center&#8221; style=&#8221;vc_box_circle&#8221; image_hovers=&#8221;false&#8221; lazy_loading=&#8221;true&#8221; css=&#8221;.vc_custom_1494477842399{padding-bottom: 30px !important;}&#8221;][\/vc_column][vc_column width=&#8221;7\/12&#8243; offset=&#8221;vc_col-lg-8 vc_col-md-8&#8243;][vc_column_text css=&#8221;.vc_custom_1500872056539{padding-bottom: 50px !important;}&#8221;]Ich bin ungarischer und deutscher Staatsb\u00fcrger, geboren in Budapest und aufgewachsen in Deutschland. \u00a0Neben meinen beiden Muttersprachen spreche englisch und franz\u00f6sisch. Nach dem Studienabschluss als Diplom-Volkswirt an&hellip;<\/p>\n","protected":false},"author":1,"featured_media":0,"parent":0,"menu_order":10,"comment_status":"closed","ping_status":"closed","template":"","meta":{"footnotes":""},"class_list":["post-413","page","type-page","status-publish","hentry","description-off"],"yoast_head":"<!-- This site is optimized with the Yoast SEO plugin v26.9 - https:\/\/yoast.com\/product\/yoast-seo-wordpress\/ -->\n<title>\u00dcber Mich &#8226; Your Global Coach<\/title>\n<meta name=\"description\" content=\"Your Business and Executive Coach. You and your challenges are the focus. Your ambition matches my desire and empathy to help you achieve your goals in the most efficient way.\" \/>\n<meta name=\"robots\" content=\"index, follow, max-snippet:-1, max-image-preview:large, max-video-preview:-1\" \/>\n<link rel=\"canonical\" href=\"https:\/\/yourglobalcoach.com\/index.php\/de\/uber-mich\/\" \/>\n<meta property=\"og:locale\" content=\"en_US\" \/>\n<meta property=\"og:type\" content=\"article\" \/>\n<meta property=\"og:title\" content=\"\u00dcber Mich &#8226; Your Global Coach\" \/>\n<meta property=\"og:description\" content=\"Your Business and Executive Coach. You and your challenges are the focus. Your ambition matches my desire and empathy to help you achieve your goals in the most efficient way.\" \/>\n<meta property=\"og:url\" content=\"https:\/\/yourglobalcoach.com\/index.php\/de\/uber-mich\/\" \/>\n<meta property=\"og:site_name\" content=\"Your Global Coach\" \/>\n<meta property=\"article:modified_time\" content=\"2017-07-24T04:55:03+00:00\" \/>\n<meta name=\"twitter:card\" content=\"summary_large_image\" \/>\n<meta name=\"twitter:label1\" content=\"Est. reading time\" \/>\n\t<meta name=\"twitter:data1\" content=\"4 minutes\" \/>\n<script type=\"application\/ld+json\" class=\"yoast-schema-graph\">{\"@context\":\"https:\/\/schema.org\",\"@graph\":[{\"@type\":\"WebPage\",\"@id\":\"https:\/\/yourglobalcoach.com\/index.php\/de\/uber-mich\/\",\"url\":\"https:\/\/yourglobalcoach.com\/index.php\/de\/uber-mich\/\",\"name\":\"\u00dcber Mich &#8226; Your Global Coach\",\"isPartOf\":{\"@id\":\"https:\/\/yourglobalcoach.com\/#website\"},\"datePublished\":\"2016-12-15T13:28:01+00:00\",\"dateModified\":\"2017-07-24T04:55:03+00:00\",\"description\":\"Your Business and Executive Coach. You and your challenges are the focus. Your ambition matches my desire and empathy to help you achieve your goals in the most efficient way.\",\"breadcrumb\":{\"@id\":\"https:\/\/yourglobalcoach.com\/index.php\/de\/uber-mich\/#breadcrumb\"},\"inLanguage\":\"en-US\",\"potentialAction\":[{\"@type\":\"ReadAction\",\"target\":[\"https:\/\/yourglobalcoach.com\/index.php\/de\/uber-mich\/\"]}]},{\"@type\":\"BreadcrumbList\",\"@id\":\"https:\/\/yourglobalcoach.com\/index.php\/de\/uber-mich\/#breadcrumb\",\"itemListElement\":[{\"@type\":\"ListItem\",\"position\":1,\"name\":\"Home\",\"item\":\"https:\/\/yourglobalcoach.com\/\"},{\"@type\":\"ListItem\",\"position\":2,\"name\":\"\u00dcber Mich\"}]},{\"@type\":\"WebSite\",\"@id\":\"https:\/\/yourglobalcoach.com\/#website\",\"url\":\"https:\/\/yourglobalcoach.com\/\",\"name\":\"Your Global Coach\",\"description\":\"\",\"potentialAction\":[{\"@type\":\"SearchAction\",\"target\":{\"@type\":\"EntryPoint\",\"urlTemplate\":\"https:\/\/yourglobalcoach.com\/?s={search_term_string}\"},\"query-input\":{\"@type\":\"PropertyValueSpecification\",\"valueRequired\":true,\"valueName\":\"search_term_string\"}}],\"inLanguage\":\"en-US\"}]}<\/script>\n<!-- \/ Yoast SEO plugin. -->","yoast_head_json":{"title":"\u00dcber Mich &#8226; Your Global Coach","description":"Your Business and Executive Coach. You and your challenges are the focus. Your ambition matches my desire and empathy to help you achieve your goals in the most efficient way.","robots":{"index":"index","follow":"follow","max-snippet":"max-snippet:-1","max-image-preview":"max-image-preview:large","max-video-preview":"max-video-preview:-1"},"canonical":"https:\/\/yourglobalcoach.com\/index.php\/de\/uber-mich\/","og_locale":"en_US","og_type":"article","og_title":"\u00dcber Mich &#8226; Your Global Coach","og_description":"Your Business and Executive Coach. You and your challenges are the focus. Your ambition matches my desire and empathy to help you achieve your goals in the most efficient way.","og_url":"https:\/\/yourglobalcoach.com\/index.php\/de\/uber-mich\/","og_site_name":"Your Global Coach","article_modified_time":"2017-07-24T04:55:03+00:00","twitter_card":"summary_large_image","twitter_misc":{"Est. reading time":"4 minutes"},"schema":{"@context":"https:\/\/schema.org","@graph":[{"@type":"WebPage","@id":"https:\/\/yourglobalcoach.com\/index.php\/de\/uber-mich\/","url":"https:\/\/yourglobalcoach.com\/index.php\/de\/uber-mich\/","name":"\u00dcber Mich &#8226; Your Global Coach","isPartOf":{"@id":"https:\/\/yourglobalcoach.com\/#website"},"datePublished":"2016-12-15T13:28:01+00:00","dateModified":"2017-07-24T04:55:03+00:00","description":"Your Business and Executive Coach. You and your challenges are the focus. Your ambition matches my desire and empathy to help you achieve your goals in the most efficient way.","breadcrumb":{"@id":"https:\/\/yourglobalcoach.com\/index.php\/de\/uber-mich\/#breadcrumb"},"inLanguage":"en-US","potentialAction":[{"@type":"ReadAction","target":["https:\/\/yourglobalcoach.com\/index.php\/de\/uber-mich\/"]}]},{"@type":"BreadcrumbList","@id":"https:\/\/yourglobalcoach.com\/index.php\/de\/uber-mich\/#breadcrumb","itemListElement":[{"@type":"ListItem","position":1,"name":"Home","item":"https:\/\/yourglobalcoach.com\/"},{"@type":"ListItem","position":2,"name":"\u00dcber Mich"}]},{"@type":"WebSite","@id":"https:\/\/yourglobalcoach.com\/#website","url":"https:\/\/yourglobalcoach.com\/","name":"Your Global Coach","description":"","potentialAction":[{"@type":"SearchAction","target":{"@type":"EntryPoint","urlTemplate":"https:\/\/yourglobalcoach.com\/?s={search_term_string}"},"query-input":{"@type":"PropertyValueSpecification","valueRequired":true,"valueName":"search_term_string"}}],"inLanguage":"en-US"}]}},"_links":{"self":[{"href":"https:\/\/yourglobalcoach.com\/index.php\/wp-json\/wp\/v2\/pages\/413","targetHints":{"allow":["GET"]}}],"collection":[{"href":"https:\/\/yourglobalcoach.com\/index.php\/wp-json\/wp\/v2\/pages"}],"about":[{"href":"https:\/\/yourglobalcoach.com\/index.php\/wp-json\/wp\/v2\/types\/page"}],"author":[{"embeddable":true,"href":"https:\/\/yourglobalcoach.com\/index.php\/wp-json\/wp\/v2\/users\/1"}],"replies":[{"embeddable":true,"href":"https:\/\/yourglobalcoach.com\/index.php\/wp-json\/wp\/v2\/comments?post=413"}],"version-history":[{"count":0,"href":"https:\/\/yourglobalcoach.com\/index.php\/wp-json\/wp\/v2\/pages\/413\/revisions"}],"wp:attachment":[{"href":"https:\/\/yourglobalcoach.com\/index.php\/wp-json\/wp\/v2\/media?parent=413"}],"curies":[{"name":"wp","href":"https:\/\/api.w.org\/{rel}","templated":true}]}}