{"id":564,"date":"2018-05-10T16:56:23","date_gmt":"2018-05-10T16:56:23","guid":{"rendered":"https:\/\/yourglobalcoach.com\/?page_id=564"},"modified":"2018-05-14T09:01:20","modified_gmt":"2018-05-14T09:01:20","slug":"cookie-richtlinie","status":"publish","type":"page","link":"https:\/\/yourglobalcoach.com\/index.php\/de\/cookie-richtlinie\/","title":{"rendered":"Cookie-Richtlinie"},"content":{"rendered":"<div class=\"wpb-content-wrapper\"><p>[vc_row][vc_column][vc_column_text]<\/p>\n<h2>Cookie-richtlinie<\/h2>\n<p>[\/vc_column_text][\/vc_column][\/vc_row][vc_row][vc_column][vc_column_text]<em>Diese yourglobalcoach.com Cookie Richtlinie (&#8220;Richtlinie&#8221;) beschreibt das allgemeine Regelwerk, die Methoden und Arten von Cookies, die die Zsolt Szelpal (&#8220;yourglobalcoach.com&#8221;, &#8220;wir&#8221;, &#8220;uns&#8221; oder &#8220;unser&#8221;) verwendet, um unsere Dienstleistungen und Ihre Erlebnis zu verbessern, wenn Sie unsere Webseite besuchen.<\/em><\/p>\n<p>Cookies sind kleine Text, die verwendet werden, um Informationen auf Web Browsern zu speichern. Sie werden von vielen Websites benutzt, um und Kennungen und andere Informationen \u00fcber Ger\u00e4te zu speichern, z. B. einem Mobiltelefon oder einem Computer. Unsere Website und Dienstleistungen verwendet Cookies und \u00e4hnliche Technologien (zusammengefasst in diesem Regelwerk als &#8220;Cookies&#8221;), um Ihnen einen besseren Service zu bieten und unsere Seiten und Dienstleistungen generell zu verbessern. Zum Beispiel verwenden wir Cookies um Ihnen zu helfen, den entsprechenden Teil unserer Webseiten mit der Angabe, dass Sie ein wiederkehrender Besucher sind, direkt zu finden. Wir k\u00f6nnen auch Informationen nutzen, um Ihnen Dienstleistungen zu bieten, die auf Ihre Vorlieben abgestimmt sind.<\/p>\n<p>Teile unserer Website funktionieren sind ohne Cookies und Sie k\u00f6nnen in der Regel w\u00e4hlen, ob Sie Cookies akzeptieren. Die meisten Webbrowser sind so eingestellt, dass sie Cookies standardm\u00e4\u00dfig akzeptieren, es kann jedoch vorkommen, dass Sie Cookies selbst durch den Cookie Manager des Browsers l\u00f6schen k\u00f6nnen. Um dies zu tun, folgen Sie bitte den Anweisungen Ihres Webbrowsers. Bitte beachten Sie, dass das Deaktivieren von Cookies ihren Besuch abbricht, die automatische Anmeldung deaktiviert und sich nachteilig auf die Verf\u00fcgbarkeit und Funktionalit\u00e4t unserer Website und unseren Dienstleistungen, die wir Ihnen anbieten k\u00f6nnen, auswirken kann.<\/p>\n<p>Im Rahmen unserer Dienstleistungen k\u00f6nnen wir bei Besuchen auf Websites, die von yourglobalcoach.com gesch\u00fctzt sind, auch Cookies auf Computern von Besuchern setzen. Wir tun dies um b\u00f6swillige Besucher zu identifizieren, die Wahrscheinlichkeit zu verringern, legitime Benutzer zu blockieren und ma\u00dfgeschneiderte Dienstleistungen anzubieten.<\/p>\n<p>Unsere Websites benutzen &#8220;first party&#8221; Cookies (d.h. Cookies direkt von yourglobalcoach.com) sowie Cookies von Drittanbietern, wie in der Tabelle unten aufgef\u00fchrt.<\/p>\n<table>\n<tbody>\n<tr>\n<td><strong>Arten von Cookies<\/strong><\/td>\n<td><strong>Warum nutzen wir diese cookies<\/strong><\/td>\n<td><strong>Wer bietet es an, und wo finden Sie mehr Informationen?<\/strong><\/td>\n<\/tr>\n<tr>\n<td style=\"vertical-align: top;\"><strong>Analytik und Marktforschung \u00fcber Benutzern<\/strong><\/td>\n<td style=\"vertical-align: top;\">Diese werden verwendet, um die Besucher auf yourglobalcoach.com und deren Bed\u00fcrfnisse zu unserem Produktangebot zu verstehen, zu verbessern und zu erforschen. Zum Beispiel k\u00f6nnen wir Cookies verwenden, um zu verstehen, welche Seiten ein User ansieht, bevor er eine Verkaufsanfrage stellt. Wir geben keine Information \u00fcber diese Analyse an Dritte weiter.<\/td>\n<td style=\"vertical-align: top;\">Ausgew\u00e4hlte Dritte Parteien, nachstehend aufgef\u00fchrt und wie folgt definiert:<\/p>\n<ul>\n<li>Google Analytics &#8211; Verfolgung des Web Verkehrs &#8211; <a href=\"https:\/\/www.google.com\/policies\/privacy\/\" target=\"_blank\" rel=\"noopener\">https:\/\/www.google.com\/policies\/privacy\/<\/a><\/li>\n<\/ul>\n<ul>\n<li>Bing &#8211; Konversionsverfolgung von Bing Werbung &#8211;<a href=\"https:\/\/advertise.bingads.microsoft.com\/en-us\/resources\/policies\/microsoft-bing-adsprivacy-policy?utm_referrer=https:\/\/www.cloudflare.com\/\" target=\"_blank\" rel=\"noopener\">https:\/\/advertise.bingads.microsoft.com\/en-us\/resources\/policies\/microsoft-bing-adsprivacy-policy<\/a><\/li>\n<\/ul>\n<ul>\n<li>Doubleclick &#8211; Google Werbung Plattform, analysiert das Surfen auf der Website um ein Benutzerprofil zu erstellen &#8211; <a href=\"https:\/\/www.google.com\/policies\/technologies\/ads\/?utm_referrer=https:\/\/www.cloudflare.com\/\" target=\"_blank\" rel=\"noopener\">https:\/\/www.google.com\/policies\/technologies\/ads\/<\/a><\/li>\n<\/ul>\n<ul>\n<li>Twitter &#8211; Analysiert die Surf Aktivit\u00e4t auf der Website um ein Benutzerprofil zu erstellen &#8211; <a href=\"https:\/\/support.twitter.com\/articles\/20170514?utm_referrer=https:\/\/www.cloudflare.com\/\" target=\"_blank\" rel=\"noopener\">https:\/\/support.twitter.com\/articles\/20170514<\/a><\/li>\n<\/ul>\n<ul>\n<li>Facebook &#8211; Analysiert die Surf Aktivit\u00e4t auf der Website um ein Benutzerrofil zu erstellen &#8211; <a href=\"https:\/\/www.facebook.com\/policies\/cookies\/?utm_referrer=https:\/\/www.cloudflare.com\/\" target=\"_blank\" rel=\"noopener\">https:\/\/www.facebook.com\/policies\/cookies\/<\/a><\/li>\n<\/ul>\n<p>Benutzer k\u00f6nnen diese Cookies in den Browser Einstellungen l\u00f6schen.<\/td>\n<\/tr>\n<tr>\n<td style=\"vertical-align: top;\"><strong>Die Verbesserung der Benutzererlebnisses auf der Website<\/strong><\/td>\n<td style=\"vertical-align: top;\">Diese bietet eine Funktionalit\u00e4t, die uns hilft, eine besseres Benutzererlebnis auf unserer Website zu bieten. Zum Beispiel helfen Cookies Gespr\u00e4che mit unseren Vertriebsmitarbeitern zu erleichtern, erm\u00f6glicht es Ihnen die Website zu suchen, und f\u00fchrt den Benutzer schnell zum gew\u00fcnschten Ort auf Website.<\/td>\n<td style=\"vertical-align: top;\">&#8220;First Party&#8221; und ausgew\u00e4hlte Dritte, wie nachstehend definiert:<\/p>\n<ul>\n<li>WordPress_ WordPress Cookie f\u00fcr einen angemeldeten Benutzer.<\/li>\n<li>WordPress_logged_in_WordPress Cookie f\u00fcr einen angemeldeten Benutzer.<\/li>\n<li>Wp-Einstellungen &#8211; WordPress auch legt einige wp-Einstellungen fest &#8211; [UID] Cookies. Die Nummer am Ende ist Ihre individuelle Benutzer -ID aus der Datenbank Tabelle. Diese wird verwendet, um ihre Ansicht der Admin Schnittstelle anzupassen und m\u00f6glicherweise auch die Schnittstelle der Hauptseite.<\/li>\n<li>Wp-Einstellungen &#8211; Zeit &#8211; WordPress legt auch einige wp-Einstellungen fest &#8211; {time} &#8211; [UID] Cookies. Die Nummer am Ende ist Ihre individuelle Benutzer -ID aus der Datenbank Tabelle. Diese wird verwendet, um ihre Ansicht der Admin Schnittstelle anzupassen und m\u00f6glicherweise auch die Schnittstelle der Hauptseite.<\/li>\n<\/ul>\n<p>Benutzer k\u00f6nnen diese Cookies in den Browser Einstellungen l\u00f6schen.<\/td>\n<\/tr>\n<\/tbody>\n<\/table>\n<h6>LETZTES UPDATE: 04.05.2018<\/h6>\n<p>[\/vc_column_text][\/vc_column][\/vc_row]<\/p>\n<\/div>","protected":false},"excerpt":{"rendered":"<p>[vc_row][vc_column][vc_column_text] Cookie-richtlinie [\/vc_column_text][\/vc_column][\/vc_row][vc_row][vc_column][vc_column_text]Diese yourglobalcoach.com Cookie Richtlinie (&#8220;Richtlinie&#8221;) beschreibt das allgemeine Regelwerk, die Methoden und Arten von Cookies, die die Zsolt Szelpal (&#8220;yourglobalcoach.com&#8221;, &#8220;wir&#8221;, &#8220;uns&#8221; oder &#8220;unser&#8221;) verwendet, um unsere Dienstleistungen und Ihre Erlebnis zu verbessern, wenn Sie unsere Webseite besuchen. Cookies sind kleine Text, die verwendet werden, um Informationen auf Web Browsern zu speichern. Sie&hellip;<\/p>\n","protected":false},"author":1,"featured_media":0,"parent":0,"menu_order":0,"comment_status":"closed","ping_status":"closed","template":"","meta":{"footnotes":""},"class_list":["post-564","page","type-page","status-publish","hentry","description-off"],"yoast_head":"<!-- This site is optimized with the Yoast SEO plugin v26.9 - https:\/\/yoast.com\/product\/yoast-seo-wordpress\/ -->\n<title>Cookie-Richtlinie &#8226; Your Global Coach<\/title>\n<meta name=\"description\" content=\"Your Business and Executive Coach. You and your challenges are the focus. Your ambition matches my desire and empathy to help you achieve your goals in the most efficient way.\" \/>\n<meta name=\"robots\" content=\"index, follow, max-snippet:-1, max-image-preview:large, max-video-preview:-1\" \/>\n<link rel=\"canonical\" href=\"https:\/\/yourglobalcoach.com\/index.php\/de\/cookie-richtlinie\/\" \/>\n<meta property=\"og:locale\" content=\"en_US\" \/>\n<meta property=\"og:type\" content=\"article\" \/>\n<meta property=\"og:title\" content=\"Cookie-Richtlinie &#8226; Your Global Coach\" \/>\n<meta property=\"og:description\" content=\"Your Business and Executive Coach. You and your challenges are the focus. Your ambition matches my desire and empathy to help you achieve your goals in the most efficient way.\" \/>\n<meta property=\"og:url\" content=\"https:\/\/yourglobalcoach.com\/index.php\/de\/cookie-richtlinie\/\" \/>\n<meta property=\"og:site_name\" content=\"Your Global Coach\" \/>\n<meta property=\"article:modified_time\" content=\"2018-05-14T09:01:20+00:00\" \/>\n<meta name=\"twitter:card\" content=\"summary_large_image\" \/>\n<meta name=\"twitter:label1\" content=\"Est. reading time\" \/>\n\t<meta name=\"twitter:data1\" content=\"4 minutes\" \/>\n<script type=\"application\/ld+json\" class=\"yoast-schema-graph\">{\"@context\":\"https:\/\/schema.org\",\"@graph\":[{\"@type\":\"WebPage\",\"@id\":\"https:\/\/yourglobalcoach.com\/index.php\/de\/cookie-richtlinie\/\",\"url\":\"https:\/\/yourglobalcoach.com\/index.php\/de\/cookie-richtlinie\/\",\"name\":\"Cookie-Richtlinie &#8226; Your Global Coach\",\"isPartOf\":{\"@id\":\"https:\/\/yourglobalcoach.com\/#website\"},\"datePublished\":\"2018-05-10T16:56:23+00:00\",\"dateModified\":\"2018-05-14T09:01:20+00:00\",\"description\":\"Your Business and Executive Coach. You and your challenges are the focus. Your ambition matches my desire and empathy to help you achieve your goals in the most efficient way.\",\"breadcrumb\":{\"@id\":\"https:\/\/yourglobalcoach.com\/index.php\/de\/cookie-richtlinie\/#breadcrumb\"},\"inLanguage\":\"en-US\",\"potentialAction\":[{\"@type\":\"ReadAction\",\"target\":[\"https:\/\/yourglobalcoach.com\/index.php\/de\/cookie-richtlinie\/\"]}]},{\"@type\":\"BreadcrumbList\",\"@id\":\"https:\/\/yourglobalcoach.com\/index.php\/de\/cookie-richtlinie\/#breadcrumb\",\"itemListElement\":[{\"@type\":\"ListItem\",\"position\":1,\"name\":\"Home\",\"item\":\"https:\/\/yourglobalcoach.com\/\"},{\"@type\":\"ListItem\",\"position\":2,\"name\":\"Cookie-Richtlinie\"}]},{\"@type\":\"WebSite\",\"@id\":\"https:\/\/yourglobalcoach.com\/#website\",\"url\":\"https:\/\/yourglobalcoach.com\/\",\"name\":\"Your Global Coach\",\"description\":\"\",\"potentialAction\":[{\"@type\":\"SearchAction\",\"target\":{\"@type\":\"EntryPoint\",\"urlTemplate\":\"https:\/\/yourglobalcoach.com\/?s={search_term_string}\"},\"query-input\":{\"@type\":\"PropertyValueSpecification\",\"valueRequired\":true,\"valueName\":\"search_term_string\"}}],\"inLanguage\":\"en-US\"}]}<\/script>\n<!-- \/ Yoast SEO plugin. -->","yoast_head_json":{"title":"Cookie-Richtlinie &#8226; Your Global Coach","description":"Your Business and Executive Coach. You and your challenges are the focus. Your ambition matches my desire and empathy to help you achieve your goals in the most efficient way.","robots":{"index":"index","follow":"follow","max-snippet":"max-snippet:-1","max-image-preview":"max-image-preview:large","max-video-preview":"max-video-preview:-1"},"canonical":"https:\/\/yourglobalcoach.com\/index.php\/de\/cookie-richtlinie\/","og_locale":"en_US","og_type":"article","og_title":"Cookie-Richtlinie &#8226; Your Global Coach","og_description":"Your Business and Executive Coach. You and your challenges are the focus. Your ambition matches my desire and empathy to help you achieve your goals in the most efficient way.","og_url":"https:\/\/yourglobalcoach.com\/index.php\/de\/cookie-richtlinie\/","og_site_name":"Your Global Coach","article_modified_time":"2018-05-14T09:01:20+00:00","twitter_card":"summary_large_image","twitter_misc":{"Est. reading time":"4 minutes"},"schema":{"@context":"https:\/\/schema.org","@graph":[{"@type":"WebPage","@id":"https:\/\/yourglobalcoach.com\/index.php\/de\/cookie-richtlinie\/","url":"https:\/\/yourglobalcoach.com\/index.php\/de\/cookie-richtlinie\/","name":"Cookie-Richtlinie &#8226; Your Global Coach","isPartOf":{"@id":"https:\/\/yourglobalcoach.com\/#website"},"datePublished":"2018-05-10T16:56:23+00:00","dateModified":"2018-05-14T09:01:20+00:00","description":"Your Business and Executive Coach. You and your challenges are the focus. Your ambition matches my desire and empathy to help you achieve your goals in the most efficient way.","breadcrumb":{"@id":"https:\/\/yourglobalcoach.com\/index.php\/de\/cookie-richtlinie\/#breadcrumb"},"inLanguage":"en-US","potentialAction":[{"@type":"ReadAction","target":["https:\/\/yourglobalcoach.com\/index.php\/de\/cookie-richtlinie\/"]}]},{"@type":"BreadcrumbList","@id":"https:\/\/yourglobalcoach.com\/index.php\/de\/cookie-richtlinie\/#breadcrumb","itemListElement":[{"@type":"ListItem","position":1,"name":"Home","item":"https:\/\/yourglobalcoach.com\/"},{"@type":"ListItem","position":2,"name":"Cookie-Richtlinie"}]},{"@type":"WebSite","@id":"https:\/\/yourglobalcoach.com\/#website","url":"https:\/\/yourglobalcoach.com\/","name":"Your Global Coach","description":"","potentialAction":[{"@type":"SearchAction","target":{"@type":"EntryPoint","urlTemplate":"https:\/\/yourglobalcoach.com\/?s={search_term_string}"},"query-input":{"@type":"PropertyValueSpecification","valueRequired":true,"valueName":"search_term_string"}}],"inLanguage":"en-US"}]}},"_links":{"self":[{"href":"https:\/\/yourglobalcoach.com\/index.php\/wp-json\/wp\/v2\/pages\/564","targetHints":{"allow":["GET"]}}],"collection":[{"href":"https:\/\/yourglobalcoach.com\/index.php\/wp-json\/wp\/v2\/pages"}],"about":[{"href":"https:\/\/yourglobalcoach.com\/index.php\/wp-json\/wp\/v2\/types\/page"}],"author":[{"embeddable":true,"href":"https:\/\/yourglobalcoach.com\/index.php\/wp-json\/wp\/v2\/users\/1"}],"replies":[{"embeddable":true,"href":"https:\/\/yourglobalcoach.com\/index.php\/wp-json\/wp\/v2\/comments?post=564"}],"version-history":[{"count":0,"href":"https:\/\/yourglobalcoach.com\/index.php\/wp-json\/wp\/v2\/pages\/564\/revisions"}],"wp:attachment":[{"href":"https:\/\/yourglobalcoach.com\/index.php\/wp-json\/wp\/v2\/media?parent=564"}],"curies":[{"name":"wp","href":"https:\/\/api.w.org\/{rel}","templated":true}]}}